{"id":15,"date":"2023-07-27T12:01:29","date_gmt":"2023-07-27T09:01:29","guid":{"rendered":"https:\/\/crius.ro\/?page_id=15"},"modified":"2023-10-05T09:38:50","modified_gmt":"2023-10-05T06:38:50","slug":"services","status":"publish","type":"page","link":"https:\/\/crius.ro\/en\/servicii\/","title":{"rendered":"Services"},"content":{"rendered":"<div>\n<p><em>Construim \u00eempreun\u0103 viitorul cu finan\u021b\u0103ri inovatoare<\/em><\/p>\n<\/div>\n<h2>Serviciile oferite de echipa CRIUS<\/h2>\n<ul>\n<li>\n<p><a href=\"#\">Elaborarea documenta\u021biei necesare ob\u021binerii finan\u021b\u0103rii.<\/a><\/p>\n<\/li>\n<li>\n<p><a href=\"#\">Asisten\u021b\u0103 \u00een implementarea proiectelor.<\/a><\/p>\n<\/li>\n<li>\n<p><a href=\"#\">Asisten\u021b\u0103 \u00een perioada de durabilitate\/monitorizare a proiectelor.<\/a><\/p>\n<\/li>\n<li>\n<p><a href=\"#\">Consultan\u021b\u0103 tehnic\u0103 de specialitate.<\/a><\/p>\n<\/li>\n<\/ul>\n<div>\u00cen ceea ce prive\u0219te ob\u021binerea de finan\u021b\u0103ri nerambursabile, oferim servicii complete \u0219i integrate, astfel:<\/div>\n<ul>\n<li>\n<div>stabilim \u00eempreun\u0103 cu beneficiarul conceptul de proiect;<\/div>\n<\/li>\n<li>\n<div>identific\u0103m programul de finan\u021bare adecvat, pe care clientul are posibilitatea de a aplica \u0219i ob\u021bine fonduri nerambursabile europene, guvernamentale sau din alte surse;<\/div>\n<\/li>\n<li>\n<div>facem preanaliza organiza\u021biei: eligibilitate, structura de grup, indicatori financiari, etc;<\/div>\n<\/li>\n<li>\n<div>propunem solu\u021bii de maximizare a \u0219anselor de succes \u00een func\u021bie de programul de finan\u021bare vizat;<\/div>\n<\/li>\n<li>\n<div>elabor\u0103m studiul de fezabilitate (unde e cazul), planul de afaceri, analiza financiar\u0103, analiza cost-beneficiu, studiile de pia\u021b\u0103, de marketing, cererea de finan\u021bare \u0219i documenta\u021bia specific\u0103, toate aceste documente fiind anexate \u00een forma solicitat\u0103 de finan\u021bator pentru ob\u021binerea finan\u021b\u0103rii nerambursabile;<\/div>\n<\/li>\n<li>\n<div>elabor\u0103m anumite studii tehnice acolo unde avem competen\u021be, \u00een principal energie, IT, automatiz\u0103ri, agricultur\u0103 avansat\u0103 \u0219i medical;<\/div>\n<\/li>\n<li>\n<div>oferim asisten\u021b\u0103 pentru solicitarea \u0219i colectarea documentelor (declara\u021bii, studii, autoriza\u021bii, avize, etc.) necesare proiectului;<\/div>\n<\/li>\n<li>\n<div>oferim asisten\u021b\u0103 \u00een procesul de evaluare a proiectului \u0219i \u00een procesul de contractare;<\/div>\n<\/li>\n<li>\n<div>acord\u0103m ajutorul necesar beneficiarului privind finan\u021barea efectiv\u0103 a investi\u021biei din surse bancare sau nebancare: realizarea analizei \u0219i a previziunilor\/proiec\u021biilor economico-financiare pentru ob\u021binerea creditelor bancare pentru finan\u021barea investi\u021biilor;<\/div>\n<\/li>\n<li>\n<div>oferim consiliere \u00een managementul \u0219i implementarea proiectului;<\/div>\n<\/li>\n<li>\n<div>oferim asisten\u021b\u0103 beneficiarului \u00een realizarea procedurilor de achizi\u021bie at\u00e2t \u00een \u00eentocmirea documenta\u021biei de atribuire\/licita\u021bie c\u00e2t \u0219i \u00een organizarea efectiv\u0103 a procedurii;<\/div>\n<\/li>\n<li>\n<div>asist\u0103m beneficiarul \u00een rela\u021bia cu institu\u021biile evaluatoare\/finan\u021batoare (Organism Intermediar, Autoritate de Management, etc.) \u0219i coordon\u0103m p\u0103r\u021bile implicate \u00een realizarea proiectului;<\/div>\n<\/li>\n<li>\n<div>realiz\u0103m cererile de plat\u0103\/cererile de rambursare (intermediare \u0219i\/sau finale), fiind al\u0103turi de client p\u00e2n\u0103 la \u00eencasarea efectiv\u0103 a fondurilor;<\/div>\n<\/li>\n<li>\n<div>oferim asisten\u021b\u0103 \u00een perioada de durabilitate\/monitorizare a proiectului.<\/div>\n<\/li>\n<\/ul>\n<p><img decoding=\"async\" src=\"\/wp-content\/uploads\/2023\/09\/servicii.jpeg\" alt=\"\"><\/p>\n<p><!--more--><br \/>\n<!-- {\"type\":\"layout\",\"children\":[{\"name\":\"hero\",\"type\":\"section\",\"props\":{\"image_effect\":\"parallax\",\"image_loading\":true,\"image_parallax_bgy\":\"20,-230\",\"image_parallax_breakpoint\":\"m\",\"image_parallax_easing\":\"1\",\"image_position\":\"center-left\",\"image_size\":\"cover\",\"image_width\":\"1560\",\"style\":\"muted\",\"title_breakpoint\":\"xl\",\"title_position\":\"top-left\",\"title_rotation\":\"left\",\"vertical_align\":\"middle\",\"width\":\"expand\"},\"children\":[{\"type\":\"row\",\"props\":{\"vertical_align\":false},\"children\":[{\"type\":\"column\",\"props\":{\"image_position\":\"center-center\",\"padding\":\"small\",\"position_sticky_breakpoint\":\"m\"},\"children\":[{\"type\":\"headline\",\"props\":{\"block_align\":\"center\",\"margin_remove_bottom\":true,\"maxwidth\":\"xlarge\",\"text_align\":\"center\",\"title_color\":\"primary\",\"title_decoration\":\"line\",\"title_element\":\"h1\",\"title_style\":\"h2\"},\"source\":{\"query\":{\"name\":\"pages.singlePage\"},\"props\":{\"content\":{\"filters\":{\"search\":\"\",\"after\":\" oferite\"},\"name\":\"title\"}}}},{\"type\":\"text\",\"props\":{\"column_breakpoint\":\"m\",\"content\":\"\n\n<p><em>Construim \\u00eempreun\\u0103 viitorul cu finan\\u021b\\u0103ri inovatoare<\\\/em><\\\/p>\",\"margin\":\"default\",\"margin_remove_top\":true,\"text_align\":\"center\"}}]}]}]},{\"name\":\"Services\",\"type\":\"section\",\"props\":{\"image\":\"wp-content\\\/uploads\\\/2023\\\/09\\\/Crius-logo-grey.svg\",\"image_position\":\"top-center\",\"padding_remove_top\":false,\"style\":\"default\",\"title_breakpoint\":\"xl\",\"title_position\":\"top-left\",\"title_rotation\":\"left\",\"vertical_align\":\"middle\",\"width\":\"default\"},\"children\":[{\"type\":\"row\",\"props\":{\"column_gap\":\"large\",\"layout\":\"2-3,1-3\",\"row_gap\":\"large\"},\"children\":[{\"type\":\"column\",\"props\":{\"image_position\":\"center-center\",\"position_sticky_breakpoint\":\"m\",\"width_small\":\"2-3\"},\"children\":[{\"type\":\"headline\",\"props\":{\"content\":\"Serviciile oferite de echipa CRIUS\",\"margin\":\"large\",\"margin_remove_bottom\":true,\"margin_remove_top\":false,\"title_decoration\":\"line\",\"title_element\":\"h2\",\"title_style\":\"h3\"}},{\"type\":\"list\",\"props\":{\"column_breakpoint\":\"m\",\"icon\":\"arrow-right\",\"icon_color\":\"primary\",\"image_align\":\"left\",\"image_svg_color\":\"emphasis\",\"image_vertical_align\":true,\"link_style\":\"text\",\"list_element\":\"ul\",\"list_horizontal_separator\":\", \",\"list_type\":\"vertical\",\"show_image\":true,\"show_link\":false},\"children\":[{\"type\":\"list_item\",\"props\":{\"content\":\"Elaborarea documenta\\u021biei necesare ob\\u021binerii finan\\u021b\\u0103rii.\",\"icon\":\"\",\"link\":\"#\"}},{\"type\":\"list_item\",\"props\":{\"content\":\"Asisten\\u021b\\u0103 \\u00een implementarea proiectelor.\",\"icon\":\"\",\"link\":\"#\"}},{\"type\":\"list_item\",\"props\":{\"content\":\"Asisten\\u021b\\u0103 \\u00een perioada de durabilitate\\\/monitorizare a proiectelor.\",\"icon\":\"\",\"link\":\"#\"}},{\"type\":\"list_item\",\"props\":{\"content\":\"Consultan\\u021b\\u0103 tehnic\\u0103 de specialitate.\",\"icon\":\"\",\"link\":\"#\"}}]},{\"type\":\"text\",\"props\":{\"column_breakpoint\":\"m\",\"content\":\"\\u00cen ceea ce prive\\u0219te ob\\u021binerea de finan\\u021b\\u0103ri nerambursabile, oferim servicii complete \\u0219i integrate, astfel:\",\"margin\":\"default\",\"maxwidth\":\"xlarge\",\"text_style\":\"lead\"}},{\"type\":\"list\",\"props\":{\"column_breakpoint\":\"m\",\"icon\":\"arrow-right\",\"icon_color\":\"primary\",\"image_align\":\"left\",\"image_svg_color\":\"emphasis\",\"image_vertical_align\":false,\"link_style\":\"text\",\"list_element\":\"ul\",\"list_horizontal_separator\":\", \",\"list_type\":\"vertical\",\"show_image\":true,\"show_link\":true,\"text_align\":\"justify\"},\"children\":[{\"type\":\"list_item\",\"props\":{\"content\":\"stabilim \\u00eempreun\\u0103 cu beneficiarul conceptul de proiect;\",\"icon\":\"check\"}},{\"type\":\"list_item\",\"props\":{\"content\":\"identific\\u0103m programul de finan\\u021bare adecvat, pe care clientul are posibilitatea de a aplica \\u0219i ob\\u021bine fonduri nerambursabile europene, guvernamentale sau din alte surse;\",\"icon\":\"check\"}},{\"type\":\"list_item\",\"props\":{\"content\":\"facem preanaliza organiza\\u021biei: eligibilitate, structura de grup, indicatori financiari, etc;\",\"icon\":\"check\"}},{\"type\":\"list_item\",\"props\":{\"content\":\"propunem solu\\u021bii de maximizare a \\u0219anselor de succes \\u00een func\\u021bie de programul de finan\\u021bare vizat;\",\"icon\":\"check\"}},{\"type\":\"list_item\",\"props\":{\"content\":\"elabor\\u0103m studiul de fezabilitate (unde e cazul), planul de afaceri, analiza financiar\\u0103, analiza cost-beneficiu, studiile de pia\\u021b\\u0103, de marketing, cererea de finan\\u021bare \\u0219i documenta\\u021bia specific\\u0103, toate aceste documente fiind anexate \\u00een forma solicitat\\u0103 de finan\\u021bator pentru ob\\u021binerea finan\\u021b\\u0103rii nerambursabile;\",\"icon\":\"check\"}},{\"type\":\"list_item\",\"props\":{\"content\":\"elabor\\u0103m anumite studii tehnice acolo unde avem competen\\u021be, \\u00een principal energie, IT, automatiz\\u0103ri, agricultur\\u0103 avansat\\u0103 \\u0219i medical;\",\"icon\":\"check\"}},{\"type\":\"list_item\",\"props\":{\"content\":\"oferim asisten\\u021b\\u0103 pentru solicitarea \\u0219i colectarea documentelor (declara\\u021bii, studii, autoriza\\u021bii, avize, etc.) necesare proiectului;\",\"icon\":\"check\"}},{\"type\":\"list_item\",\"props\":{\"content\":\"oferim asisten\\u021b\\u0103 \\u00een procesul de evaluare a proiectului \\u0219i \\u00een procesul de contractare;\",\"icon\":\"check\"}},{\"type\":\"list_item\",\"props\":{\"content\":\"acord\\u0103m ajutorul necesar beneficiarului privind finan\\u021barea efectiv\\u0103 a investi\\u021biei din surse bancare sau nebancare: realizarea analizei \\u0219i a previziunilor\\\/proiec\\u021biilor economico-financiare pentru ob\\u021binerea creditelor bancare pentru finan\\u021barea investi\\u021biilor;\",\"icon\":\"check\"}},{\"type\":\"list_item\",\"props\":{\"content\":\"oferim consiliere \\u00een managementul \\u0219i implementarea proiectului;\",\"icon\":\"check\"}},{\"type\":\"list_item\",\"props\":{\"content\":\"oferim asisten\\u021b\\u0103 beneficiarului \\u00een realizarea procedurilor de achizi\\u021bie at\\u00e2t \\u00een \\u00eentocmirea documenta\\u021biei de atribuire\\\/licita\\u021bie c\\u00e2t \\u0219i \\u00een organizarea efectiv\\u0103 a procedurii;\",\"icon\":\"check\"}},{\"type\":\"list_item\",\"props\":{\"content\":\"asist\\u0103m beneficiarul \\u00een rela\\u021bia cu institu\\u021biile evaluatoare\\\/finan\\u021batoare (Organism Intermediar, Autoritate de Management, etc.) \\u0219i coordon\\u0103m p\\u0103r\\u021bile implicate \\u00een realizarea proiectului;\",\"icon\":\"check\"}},{\"type\":\"list_item\",\"props\":{\"content\":\"realiz\\u0103m cererile de plat\\u0103\\\/cererile de rambursare (intermediare \\u0219i\\\/sau finale), fiind al\\u0103turi de client p\\u00e2n\\u0103 la \\u00eencasarea efectiv\\u0103 a fondurilor;\",\"icon\":\"check\"}},{\"type\":\"list_item\",\"props\":{\"content\":\"oferim asisten\\u021b\\u0103 \\u00een perioada de durabilitate\\\/monitorizare a proiectului.\",\"icon\":\"check\"}}]},{\"type\":\"image\",\"props\":{\"image\":\"wp-content\\\/uploads\\\/2023\\\/09\\\/servicii.jpeg\",\"image_box_decoration\":\"mask\",\"image_height\":\"450\",\"image_svg_color\":\"emphasis\",\"image_width\":\"800\",\"margin\":\"default\",\"text_align\":\"center\"}}]},{\"type\":\"column\",\"props\":{\"image_position\":\"center-center\",\"position_sticky_breakpoint\":\"m\",\"width_small\":\"1-3\"},\"children\":[{\"type\":\"headline\",\"props\":{\"content\":\"Serviciile integrate\",\"status\":\"disabled\",\"title_decoration\":\"bullet\",\"title_element\":\"h3\",\"title_style\":\"h4\"}},{\"type\":\"image\",\"props\":{\"image\":\"wp-content\\\/uploads\\\/legal-services-diagram.svg\",\"image_box_shadow_bottom\":false,\"image_svg_animate\":false,\"image_svg_color\":\"secondary\",\"image_svg_inline\":true,\"link\":\"wp-content\\\/uploads\\\/legal-services-diagram.svg\",\"link_target\":\"modal\",\"margin\":\"default\",\"status\":\"disabled\"}},{\"type\":\"button\",\"props\":{\"grid_column_gap\":\"small\",\"grid_row_gap\":\"small\",\"margin\":\"medium\",\"status\":\"disabled\"},\"children\":[{\"type\":\"button_item\",\"props\":{\"button_style\":\"secondary\",\"content\":\"Vezi bro\\u0219ura noastr\\u0103\",\"icon\":\"file-pdf\",\"icon_align\":\"left\",\"link\":\"#\"}}]},{\"type\":\"headline\",\"props\":{\"content\":\"Downloads\",\"status\":\"disabled\",\"title_element\":\"h3\",\"title_style\":\"h4\"}},{\"type\":\"table\",\"props\":{\"content_style\":\"text-meta\",\"image_svg_color\":\"emphasis\",\"link_style\":\"link-text\",\"link_text\":\"Download\",\"meta_style\":\"text-meta\",\"show_content\":true,\"show_image\":true,\"show_link\":true,\"show_meta\":true,\"show_title\":true,\"status\":\"disabled\",\"table_justify\":true,\"table_last_align\":\"right\",\"table_order\":\"5\",\"table_responsive\":\"overflow\",\"table_size\":\"small\",\"table_style\":\"divider\",\"table_vertical_align\":true,\"table_width_meta\":\"shrink\",\"table_width_title\":\"\"},\"children\":[{\"type\":\"table_item\",\"props\":{\"content\":\"\",\"image\":\"\",\"link\":\"#\",\"meta\":\"23.kb\",\"title\":\"Tax Survey 2017\"}},{\"type\":\"table_item\",\"props\":{\"content\":\"\",\"image\":\"\",\"link\":\"#\",\"meta\":\"43.kb\",\"title\":\"Tax Survey 2016\"}},{\"type\":\"table_item\",\"props\":{\"content\":\"\",\"image\":\"\",\"link\":\"#\",\"meta\":\"18.kb\",\"title\":\"Tax Survey 2015\"}}]}]}]}]}],\"version\":\"4.0.13\"} --><\/p>\n","protected":false},"excerpt":{"rendered":"<p>Construim \u00eempreun\u0103 viitorul cu finan\u021b\u0103ri inovatoare Serviciile oferite de echipa CRIUS Elaborarea documenta\u021biei necesare ob\u021binerii finan\u021b\u0103rii. Asisten\u021b\u0103 \u00een implementarea proiectelor. Asisten\u021b\u0103 \u00een perioada de durabilitate\/monitorizare a proiectelor. Consultan\u021b\u0103 tehnic\u0103 de specialitate. \u00cen ceea ce prive\u0219te ob\u021binerea de finan\u021b\u0103ri nerambursabile, oferim servicii complete \u0219i integrate, astfel: stabilim \u00eempreun\u0103 cu beneficiarul conceptul de proiect; identific\u0103m programul de [&hellip;]<\/p>\n","protected":false},"author":1,"featured_media":0,"parent":0,"menu_order":0,"comment_status":"closed","ping_status":"closed","template":"","meta":{"footnotes":""},"class_list":["post-15","page","type-page","status-publish","hentry"],"aioseo_notices":[],"_links":{"self":[{"href":"https:\/\/crius.ro\/en\/wp-json\/wp\/v2\/pages\/15","targetHints":{"allow":["GET"]}}],"collection":[{"href":"https:\/\/crius.ro\/en\/wp-json\/wp\/v2\/pages"}],"about":[{"href":"https:\/\/crius.ro\/en\/wp-json\/wp\/v2\/types\/page"}],"author":[{"embeddable":true,"href":"https:\/\/crius.ro\/en\/wp-json\/wp\/v2\/users\/1"}],"replies":[{"embeddable":true,"href":"https:\/\/crius.ro\/en\/wp-json\/wp\/v2\/comments?post=15"}],"version-history":[{"count":3,"href":"https:\/\/crius.ro\/en\/wp-json\/wp\/v2\/pages\/15\/revisions"}],"predecessor-version":[{"id":577,"href":"https:\/\/crius.ro\/en\/wp-json\/wp\/v2\/pages\/15\/revisions\/577"}],"wp:attachment":[{"href":"https:\/\/crius.ro\/en\/wp-json\/wp\/v2\/media?parent=15"}],"curies":[{"name":"wp","href":"https:\/\/api.w.org\/{rel}","templated":true}]}}