{"id":13,"date":"2023-07-27T12:01:11","date_gmt":"2023-07-27T09:01:11","guid":{"rendered":"https:\/\/crius.ro\/?page_id=13"},"modified":"2024-07-19T14:37:45","modified_gmt":"2024-07-19T11:37:45","slug":"about-us","status":"publish","type":"page","link":"https:\/\/crius.ro\/en\/despre-noi\/","title":{"rendered":"About us"},"content":{"rendered":"<div>\n<p><em>Construim \u00eempreun\u0103 viitorul cu finan\u021b\u0103ri inovatoare<\/em><\/p>\n<\/div>\n<h2>DESPRE NOI<\/h2>\n<p><img decoding=\"async\" src=\"\/wp-content\/uploads\/services-05-audit-and-assurance.svg\" alt=\"\"><br \/>\n<img decoding=\"async\" src=\"\/wp-content\/uploads\/2023\/09\/crius-despre-noi.jpeg\" alt=\"\"><\/p>\n<div>\n<p>Suntem consultan\u021bi \u00een afaceri specializa\u021bi \u00een atragerea de finan\u021b\u0103ri nerambursabile din diverse surse, \u00een principal fonduri europene \u0219i fonduri guvernamentale.<\/p>\n<p>Realiz\u0103m documenta\u021biile necesare ob\u021binerii finan\u021b\u0103rii, ne ocup\u0103m de implementarea proiectelor, oferim asisten\u021b\u0103 \u00een perioada de monitorizare a proiectelor \u0219i oferim inclusiv servicii de consultan\u021b\u0103 tehnic\u0103.<\/p>\n<p>Avem o experien\u021b\u0103 de peste <strong>15 ani, 600+ clien\u021bi la nivel na\u021bional, 1400+ proiecte<\/strong> \u00een diverse faze \u0219i <strong>sute de milioane de euro atra\u0219i<\/strong> ca finan\u021bare nerambursabil\u0103, \u00een principal pentru sectorul privat.<\/p>\n<p>Echipa noastr\u0103 este format\u0103 din 40 de angaja\u021bi \u0219i colaboratori de diverse profesii \u0219i specializ\u0103ri: economi\u0219ti, juri\u0219ti, exper\u021bi contabili, speciali\u0219ti \u00een domenii de interes respectiv energie, agricultur\u0103, cercetare \u0219i IT.<\/p>\n<p>Avem birouri \u00een Oradea, Buz\u0103u, T\u00e2rgu Jiu, Bac\u0103u \u0219i colaboratori \u00een Bucure\u0219ti, Timi\u0219oara, Hunedoara, Bac\u0103u \u0219i R\u00e2mnicu V\u00e2lcea.<\/p>\n<p>Am realizat proiecte pentru domenii variate: produc\u021bie, construc\u021bii, turism, medical, IT, agricultur\u0103, zootehnie, acvacultur\u0103, energie, cercetare-dezvoltare-inovare \u0219i altele.<\/p>\n<p>Punem accent pe calitate \u0219i suntem organiza\u021bi \u00eentr-un mod inovativ care ne permite s\u0103 avem una dintre cele mai mari rate de succes din Rom\u00e2nia.<\/p>\n<\/div>\n<h2>VALORILE NOASTRE<\/h2>\n<p><img decoding=\"async\" src=\"\/wp-content\/uploads\/services-02-legal-advisory.svg\" alt=\"\"><\/p>\n<ul>\n<li>\n<div>\n<p>Rela\u021bia noastr\u0103 cu clientul este una de parteneriat pe termen lung, un parteneriat \u00een care toat\u0103 lumea trebuie s\u0103 c\u00e2\u0219tige<\/p>\n<\/div>\n<\/li>\n<li>\n<div>Livr\u0103m calitate<\/div>\n<\/li>\n<li>\n<div>Suntem corec\u021bi \u00een rela\u021bia cu clientul \u0219i cu to\u021bi partenerii cu care lucr\u0103m<\/div>\n<\/li>\n<li>\n<div>Comunic\u0103m profesionist cu clientul<\/div>\n<\/li>\n<li>\n<div>Nu l\u0103s\u0103m lucruri nerezolvate, ne folosim competen\u021ba \u0219i creativitatea pentru a rezolva spe\u021bele ap\u0103rute \u00een<br \/>\nbeneficiul clientului<\/div>\n<\/li>\n<li>\n<div>\u00cencerc\u0103m s\u0103 evolu\u0103m permanent \u0219i s\u0103 ne \u00eembun\u0103t\u0103\u021bim serviciile<\/div>\n<\/li>\n<\/ul>\n<p><!--more--><br \/>\n<!-- {\"type\":\"layout\",\"children\":[{\"name\":\"hero crius\",\"type\":\"section\",\"props\":{\"image_effect\":\"parallax\",\"image_loading\":true,\"image_parallax_bgy\":\"20,-230\",\"image_parallax_breakpoint\":\"m\",\"image_parallax_easing\":\"1\",\"image_position\":\"center-left\",\"image_size\":\"cover\",\"image_width\":\"1560\",\"style\":\"muted\",\"title_breakpoint\":\"xl\",\"title_position\":\"top-left\",\"title_rotation\":\"left\",\"vertical_align\":\"\",\"width\":\"expand\"},\"children\":[{\"type\":\"row\",\"props\":{\"vertical_align\":false},\"children\":[{\"type\":\"column\",\"props\":{\"image_position\":\"center-center\",\"padding\":\"small\",\"position_sticky_breakpoint\":\"m\"},\"children\":[{\"type\":\"headline\",\"props\":{\"block_align\":\"center\",\"margin_remove_bottom\":true,\"maxwidth\":\"xlarge\",\"text_align\":\"center\",\"title_color\":\"primary\",\"title_decoration\":\"line\",\"title_element\":\"h1\",\"title_style\":\"h2\"},\"source\":{\"query\":{\"name\":\"pages.singlePage\"},\"props\":{\"content\":{\"filters\":{\"search\":\"\",\"after\":\"\"},\"name\":\"title\"}}}},{\"type\":\"text\",\"props\":{\"column_breakpoint\":\"m\",\"content\":\"\n\n<p><em>Construim \\u00eempreun\\u0103 viitorul cu finan\\u021b\\u0103ri inovatoare<\\\/em><\\\/p>\",\"margin\":\"default\",\"margin_remove_top\":true,\"text_align\":\"center\"}}]}]}]},{\"name\":\"About\",\"type\":\"section\",\"props\":{\"animation_delay\":false,\"image\":\"wp-content\\\/uploads\\\/2023\\\/09\\\/Crius-logo-grey.svg\",\"image_effect\":\"parallax\",\"image_parallax_bgy\":\"-260\",\"image_parallax_easing\":\"1\",\"image_position\":\"center-center\",\"media_overlay\":\"rgba(255, 255, 255, 0.51)\",\"padding\":\"large\",\"padding_remove_bottom\":false,\"padding_remove_top\":false,\"style\":\"default\",\"title_breakpoint\":\"xl\",\"title_position\":\"top-left\",\"title_rotation\":\"left\",\"vertical_align\":\"\",\"width\":\"default\"},\"children\":[{\"type\":\"row\",\"props\":{\"layout\":\"1-3,2-3\",\"margin\":\"xlarge\",\"width\":\"default\"},\"children\":[{\"type\":\"column\",\"props\":{\"image_position\":\"center-center\",\"position_sticky_breakpoint\":\"m\",\"width_medium\":\"1-3\"},\"children\":[{\"type\":\"headline\",\"props\":{\"content\":\"DESPRE NOI\",\"title_decoration\":\"bullet\",\"title_element\":\"h2\",\"title_style\":\"h3\"}},{\"type\":\"image\",\"props\":{\"image\":\"wp-content\\\/uploads\\\/services-05-audit-and-assurance.svg\",\"image_svg_color\":\"primary\",\"image_svg_inline\":true,\"margin\":\"default\"}},{\"type\":\"image\",\"props\":{\"image\":\"wp-content\\\/uploads\\\/2023\\\/09\\\/crius-despre-noi.jpeg\",\"image_box_decoration\":\"mask\",\"image_svg_color\":\"emphasis\",\"margin\":\"default\"}}]},{\"type\":\"column\",\"props\":{\"image_position\":\"center-center\",\"position_sticky_breakpoint\":\"m\",\"width_medium\":\"2-3\"},\"children\":[{\"type\":\"text\",\"props\":{\"column_breakpoint\":\"m\",\"content\":\"\n\n<p>Suntem consultan\\u021bi \\u00een afaceri specializa\\u021bi \\u00een atragerea de finan\\u021b\\u0103ri nerambursabile din diverse surse, \\u00een principal fonduri europene \\u0219i fonduri guvernamentale.<\\\/p>\\n\n\n<p>Realiz\\u0103m documenta\\u021biile necesare ob\\u021binerii finan\\u021b\\u0103rii, ne ocup\\u0103m de implementarea proiectelor, oferim asisten\\u021b\\u0103 \\u00een perioada de monitorizare a proiectelor \\u0219i oferim inclusiv servicii de consultan\\u021b\\u0103 tehnic\\u0103.<\\\/p>\\n\n\n<p>Avem o experien\\u021b\\u0103 de peste <strong>15 ani, 600+ clien\\u021bi la nivel na\\u021bional, 1400+ proiecte<\\\/strong> \\u00een diverse faze \\u0219i <strong>sute de milioane de euro atra\\u0219i<\\\/strong> ca finan\\u021bare nerambursabil\\u0103, \\u00een principal pentru sectorul privat.<\\\/p>\\n\n\n<p>Echipa noastr\\u0103 este format\\u0103 din 40 de angaja\\u021bi \\u0219i colaboratori de diverse profesii \\u0219i specializ\\u0103ri: economi\\u0219ti, juri\\u0219ti, exper\\u021bi contabili, speciali\\u0219ti \\u00een domenii de interes respectiv energie, agricultur\\u0103, cercetare \\u0219i IT.<\\\/p>\\n\n\n<p>Avem birouri \\u00een Oradea, Buz\\u0103u, T\\u00e2rgu Jiu, Bac\\u0103u \\u0219i colaboratori \\u00een Bucure\\u0219ti, Timi\\u0219oara, Hunedoara, Bac\\u0103u \\u0219i R\\u00e2mnicu V\\u00e2lcea.<\\\/p>\\n\n\n<p>Am realizat proiecte pentru domenii variate: produc\\u021bie, construc\\u021bii, turism, medical, IT, agricultur\\u0103, zootehnie, acvacultur\\u0103, energie, cercetare-dezvoltare-inovare \\u0219i altele.<\\\/p>\\n\n\n<p>Punem accent pe calitate \\u0219i suntem organiza\\u021bi \\u00eentr-un mod inovativ care ne permite s\\u0103 avem una dintre cele mai mari rate de succes din Rom\\u00e2nia.<\\\/p>\",\"dropcap\":false,\"margin\":\"default\"}}]}]},{\"type\":\"row\",\"props\":{\"id\":\"company-heads\",\"layout\":\"1-3,2-3\",\"margin\":\"xlarge\"},\"children\":[{\"type\":\"column\",\"props\":{\"image_position\":\"center-center\",\"position_sticky_breakpoint\":\"m\",\"width_medium\":\"1-3\"},\"children\":[{\"type\":\"headline\",\"props\":{\"content\":\"VALORILE NOASTRE\",\"maxwidth\":\"medium\",\"title_decoration\":\"bullet\",\"title_element\":\"h2\",\"title_style\":\"h3\"}},{\"type\":\"image\",\"props\":{\"image\":\"wp-content\\\/uploads\\\/services-02-legal-advisory.svg\",\"image_svg_color\":\"primary\",\"image_svg_inline\":true,\"margin\":\"default\"}}]},{\"type\":\"column\",\"props\":{\"image_position\":\"center-center\",\"position_sticky_breakpoint\":\"m\",\"width_medium\":\"2-3\"},\"children\":[{\"name\":\"List Marker Icon\",\"type\":\"list\",\"children\":[{\"type\":\"list_item\",\"props\":{\"content\":\"\n\n<p>Rela\\u021bia noastr\\u0103 cu clientul este una de parteneriat pe termen lung, un parteneriat \\u00een care toat\\u0103 lumea trebuie s\\u0103 c\\u00e2\\u0219tige<\\\/p>\",\"icon\":\"\",\"image\":\"\"}},{\"type\":\"list_item\",\"props\":{\"content\":\"Livr\\u0103m calitate\",\"icon\":\"\",\"image\":\"\"}},{\"type\":\"list_item\",\"props\":{\"content\":\"Suntem corec\\u021bi \\u00een rela\\u021bia cu clientul \\u0219i cu to\\u021bi partenerii cu care lucr\\u0103m\",\"icon\":\"\",\"image\":\"\"}},{\"type\":\"list_item\",\"props\":{\"content\":\"Comunic\\u0103m profesionist cu clientul\",\"icon\":\"\",\"image\":\"\"}},{\"type\":\"list_item\",\"props\":{\"content\":\"Nu l\\u0103s\\u0103m lucruri nerezolvate, ne folosim competen\\u021ba \\u0219i creativitatea pentru a rezolva spe\\u021bele ap\\u0103rute \\u00een\\nbeneficiul clientului\",\"icon\":\"\",\"image\":\"\"}},{\"type\":\"list_item\",\"props\":{\"content\":\"\\u00cencerc\\u0103m s\\u0103 evolu\\u0103m permanent \\u0219i s\\u0103 ne \\u00eembun\\u0103t\\u0103\\u021bim serviciile\",\"icon\":\"\",\"image\":\"\"}}],\"props\":{\"column_breakpoint\":\"m\",\"icon\":\"check\",\"icon_color\":\"primary\",\"image\":true,\"image_align\":\"left\",\"image_svg_color\":\"emphasis\",\"image_vertical_align\":false,\"list_element\":\"ul\",\"list_horizontal_separator\":\", \",\"list_type\":\"vertical\",\"margin\":\"default\",\"show_image\":true,\"show_link\":true}}]}]}]},{\"type\":\"section\",\"props\":{\"image_position\":\"center-center\",\"padding_remove_top\":true,\"status\":\"disabled\",\"style\":\"default\",\"title_breakpoint\":\"xl\",\"title_position\":\"top-left\",\"title_rotation\":\"left\",\"vertical_align\":\"\",\"width\":\"\"},\"children\":[{\"type\":\"row\",\"children\":[{\"type\":\"column\",\"props\":{\"image_position\":\"center-center\",\"position_sticky_breakpoint\":\"m\"},\"children\":[{\"name\":\"Overlay Slider Center\",\"type\":\"overlay-slider\",\"children\":[{\"type\":\"overlay-slider_item\",\"props\":{\"content\":\"Misiunea noastr\\u0103 const\\u0103 \\u00een oferirea de servicii complete, flexibile \\u0219i integrate persoanelor juridice \\u0219i autorit\\u0103\\u021bilor publice, \\u00een vederea ob\\u021binerii de finan\\u021b\\u0103ri nerambursabile specifice dezvolt\\u0103rii afacerii \\u0219i totodat\\u0103 cre\\u0219terea durabil\\u0103 \\u0219i sustenabil\\u0103 a societ\\u0103\\u021bii\",\"image\":\"wp-content\\\/uploads\\\/overlay-slider-center-01.jpg\",\"link\":\"servicii\\\/\",\"link_text\":\"Vezi serviciile noastre\",\"meta\":\"CRIUS - consultan\\u021b\\u0103 \\u00een afaceri \\u0219i management\",\"title\":\" Misiune\"}},{\"type\":\"overlay-slider_item\",\"props\":{\"content\":\"Viziunea CRIUS este de a deveni una dintre firmele de top \\u00een domeniul inov\\u0103rii \\u0219i consultan\\u021bei \\u00een afaceri prin ob\\u021binerea \\u0219i managementul fondurilor nerambursabile. \\u021aintim s\\u0103 devenim o companie de top \\u00een domeniul inov\\u0103rii.\",\"image\":\"wp-content\\\/uploads\\\/overlay-slider-center-02.jpg\",\"link\":\"servicii\\\/\",\"link_text\":\"Vezi serviciile noastre\",\"meta\":\"CRIUS - consultan\\u021b\\u0103 \\u00een afaceri \\u0219i management\",\"title\":\"Viziune\"}},{\"type\":\"overlay-slider_item\",\"props\":{\"content\":\"Strategia noastr\\u0103 este de a \\u00een\\u021belege nevoile clien\\u021bilor \\u0219i de a-i ajuta s\\u0103 \\u00ee\\u0219i ating\\u0103 poten\\u021bialul maxim prin atragerea de finan\\u021b\\u0103ri nerambursabile \\u00een sprijinul lor.\",\"image\":\"wp-content\\\/uploads\\\/overlay-slider-center-03.jpg\",\"link\":\"servicii\\\/\",\"link_text\":\"Vezi serviciile noastre\",\"meta\":\"CRIUS - consultan\\u021ba \\u00een afaceri \\u0219i management\",\"title\":\"Strategie\"}}],\"props\":{\"image_height\":\"960\",\"image_width\":\"1530\",\"link_margin\":\"medium\",\"link_style\":\"primary\",\"link_target\":true,\"link_text\":\"Discover Now\",\"margin\":\"default\",\"meta_align\":\"above-title\",\"meta_element\":\"div\",\"meta_margin\":\"remove\",\"meta_style\":\"text-meta\",\"meta_transition\":\"slide-bottom-small\",\"nav\":\"\",\"nav_align\":\"center\",\"nav_breakpoint\":\"\",\"nav_margin\":\"medium\",\"overlay_hover\":false,\"overlay_link\":false,\"overlay_maxwidth\":\"xlarge\",\"overlay_mode\":\"caption\",\"overlay_padding\":\"large\",\"overlay_position\":\"center-left\",\"overlay_transition\":\"fade\",\"show_content\":true,\"show_hover_image\":true,\"show_hover_video\":true,\"show_link\":true,\"show_meta\":true,\"show_title\":true,\"slidenav\":\"default\",\"slidenav_breakpoint\":\"m\",\"slidenav_color\":\"light\",\"slidenav_hover\":false,\"slidenav_large\":true,\"slidenav_margin\":\"medium\",\"slidenav_outside_breakpoint\":\"xl\",\"slider_autoplay\":true,\"slider_autoplay_interval\":\"5\",\"slider_autoplay_pause\":true,\"slider_center\":true,\"slider_divider\":false,\"slider_gap\":\"medium\",\"slider_min_height\":\"500\",\"slider_sets\":false,\"slider_width\":\"fixed\",\"slider_width_default\":\"1-1\",\"slider_width_medium\":\"5-6\",\"slider_width_xlarge\":\"3-5\",\"text_align\":\"left\",\"text_color\":\"dark\",\"title_element\":\"h3\",\"title_hover_style\":\"reset\",\"title_style\":\"h1\",\"title_transition\":\"slide-top-small\"}}]}]}]}],\"version\":\"4.4.4\"} --><\/p>\n","protected":false},"excerpt":{"rendered":"<p>Construim \u00eempreun\u0103 viitorul cu finan\u021b\u0103ri inovatoare DESPRE NOI Suntem consultan\u021bi \u00een afaceri specializa\u021bi \u00een atragerea de finan\u021b\u0103ri nerambursabile din diverse surse, \u00een principal fonduri europene \u0219i fonduri guvernamentale. Realiz\u0103m documenta\u021biile necesare ob\u021binerii finan\u021b\u0103rii, ne ocup\u0103m de implementarea proiectelor, oferim asisten\u021b\u0103 \u00een perioada de monitorizare a proiectelor \u0219i oferim inclusiv servicii de consultan\u021b\u0103 tehnic\u0103. Avem o [&hellip;]<\/p>\n","protected":false},"author":1,"featured_media":0,"parent":0,"menu_order":0,"comment_status":"closed","ping_status":"closed","template":"","meta":{"footnotes":""},"class_list":["post-13","page","type-page","status-publish","hentry"],"aioseo_notices":[],"_links":{"self":[{"href":"https:\/\/crius.ro\/en\/wp-json\/wp\/v2\/pages\/13","targetHints":{"allow":["GET"]}}],"collection":[{"href":"https:\/\/crius.ro\/en\/wp-json\/wp\/v2\/pages"}],"about":[{"href":"https:\/\/crius.ro\/en\/wp-json\/wp\/v2\/types\/page"}],"author":[{"embeddable":true,"href":"https:\/\/crius.ro\/en\/wp-json\/wp\/v2\/users\/1"}],"replies":[{"embeddable":true,"href":"https:\/\/crius.ro\/en\/wp-json\/wp\/v2\/comments?post=13"}],"version-history":[{"count":3,"href":"https:\/\/crius.ro\/en\/wp-json\/wp\/v2\/pages\/13\/revisions"}],"predecessor-version":[{"id":742,"href":"https:\/\/crius.ro\/en\/wp-json\/wp\/v2\/pages\/13\/revisions\/742"}],"wp:attachment":[{"href":"https:\/\/crius.ro\/en\/wp-json\/wp\/v2\/media?parent=13"}],"curies":[{"name":"wp","href":"https:\/\/api.w.org\/{rel}","templated":true}]}}